{"id":3856,"date":"2024-07-23T11:49:24","date_gmt":"2024-07-23T11:49:24","guid":{"rendered":"https:\/\/incotelgroup.com\/blog\/"},"modified":"2024-12-04T17:27:35","modified_gmt":"2024-12-04T17:27:35","slug":"blog","status":"publish","type":"page","link":"https:\/\/incotelgroup.com\/fr\/blog\/","title":{"rendered":"Blog"},"content":{"rendered":"<p>[et_pb_section fb_built=\u00a0\u00bb1&Prime; _builder_version=\u00a0\u00bb4.26.1&Prime; _module_preset=\u00a0\u00bbdefault\u00a0\u00bb background_color=\u00a0\u00bb#f0f0ef\u00a0\u00bb locked=\u00a0\u00bboff\u00a0\u00bb global_colors_info=\u00a0\u00bb{}\u00a0\u00bb][et_pb_row column_structure=\u00a0\u00bb1_2,1_2&Prime; make_equal=\u00a0\u00bbon\u00a0\u00bb module_class=\u00a0\u00bbreverse\u00a0\u00bb _builder_version=\u00a0\u00bb4.27.0&Prime; _module_preset=\u00a0\u00bbdefault\u00a0\u00bb custom_css_main_element=\u00a0\u00bbalign-items:center;\u00a0\u00bb global_colors_info=\u00a0\u00bb{}\u00a0\u00bb][et_pb_column type=\u00a0\u00bb1_2&Prime; _builder_version=\u00a0\u00bb4.26.1&Prime; _module_preset=\u00a0\u00bbdefault\u00a0\u00bb global_colors_info=\u00a0\u00bb{}\u00a0\u00bb][et_pb_text admin_label=\u00a0\u00bbText\u00a0\u00bb _builder_version=\u00a0\u00bb4.27.0&Prime; header_font=\u00a0\u00bb|800|||||||\u00a0\u00bb header_text_align=\u00a0\u00bbleft\u00a0\u00bb header_font_size=\u00a0\u00bb50px\u00a0\u00bb header_line_height=\u00a0\u00bb1.2em\u00a0\u00bb background_size=\u00a0\u00bbinitial\u00a0\u00bb background_position=\u00a0\u00bbtop_left\u00a0\u00bb background_repeat=\u00a0\u00bbrepeat\u00a0\u00bb custom_margin=\u00a0\u00bb||15px||false|false\u00a0\u00bb header_text_align_tablet=\u00a0\u00bbcenter\u00a0\u00bb header_text_align_phone=\u00a0\u00bbcenter\u00a0\u00bb header_text_align_last_edited=\u00a0\u00bbon|phone\u00a0\u00bb header_font_size_tablet=\u00a0\u00bb48px\u00a0\u00bb header_font_size_phone=\u00a0\u00bb34px\u00a0\u00bb header_font_size_last_edited=\u00a0\u00bbon|phone\u00a0\u00bb global_colors_info=\u00a0\u00bb{}\u00a0\u00bb]<\/p>\n<h1>Blog du groupe Incotel<\/h1>\n<p>[\/et_pb_text][et_pb_text _builder_version=\u00a0\u00bb4.27.0&Prime; _module_preset=\u00a0\u00bbdefault\u00a0\u00bb text_font_size=\u00a0\u00bb18px\u00a0\u00bb text_line_height=\u00a0\u00bb1.6em\u00a0\u00bb max_width=\u00a0\u00bb980px\u00a0\u00bb module_alignment=\u00a0\u00bbcenter\u00a0\u00bb text_font_size_tablet=\u00a0\u00bb18px\u00a0\u00bb text_font_size_phone=\u00a0\u00bb16px\u00a0\u00bb text_font_size_last_edited=\u00a0\u00bbon|phone\u00a0\u00bb text_orientation_tablet=\u00a0\u00bbcenter\u00a0\u00bb text_orientation_phone=\u00a0\u00bbcenter\u00a0\u00bb text_orientation_last_edited=\u00a0\u00bbon|phone\u00a0\u00bb locked=\u00a0\u00bboff\u00a0\u00bb global_colors_info=\u00a0\u00bb{}\u00a0\u00bb]<\/p>\n<p>Chez Incotel, nous sommes passionn\u00e9s par la transformation de la fa\u00e7on dont le monde communique, et notre blog est l\u00e0 pour vous informer et vous inspirer.<\/p>\n<p>[\/et_pb_text][et_pb_button button_url=\u00a0\u00bb#next\u00a0\u00bb button_text=\u00a0\u00bbEn savoir plus\u00a0\u00bb button_alignment_tablet=\u00a0\u00bbcenter\u00a0\u00bb button_alignment_phone=\u00a0\u00bbcenter\u00a0\u00bb button_alignment_last_edited=\u00a0\u00bbon|phone\u00a0\u00bb _builder_version=\u00a0\u00bb4.27.0&Prime; _module_preset=\u00a0\u00bbdefault\u00a0\u00bb custom_button=\u00a0\u00bbon\u00a0\u00bb button_icon=\u00a0\u00bb&#x24;||divi||400&Prime; button_on_hover=\u00a0\u00bboff\u00a0\u00bb custom_padding=\u00a0\u00bb12px|55px|12px|35px|true|false\u00a0\u00bb locked=\u00a0\u00bboff\u00a0\u00bb global_colors_info=\u00a0\u00bb{}\u00a0\u00bb][\/et_pb_button][\/et_pb_column][et_pb_column type=\u00a0\u00bb1_2&Prime; _builder_version=\u00a0\u00bb4.26.1&Prime; _module_preset=\u00a0\u00bbdefault\u00a0\u00bb global_colors_info=\u00a0\u00bb{}\u00a0\u00bb][et_pb_image src=\u00a0\u00bbhttps:\/\/incotelgroup.com\/wp-content\/uploads\/2024\/07\/portrait-woman-customer-service-worker_144627-37948.jpg\u00a0\u00bb title_text=\u00a0\u00bbportrait-woman-customer-service-worker_144627-37948&Prime; _builder_version=\u00a0\u00bb4.26.1&Prime; _module_preset=\u00a0\u00bbdefault\u00a0\u00bb border_radii=\u00a0\u00bbon|30px|30px|30px|30px\u00a0\u00bb box_shadow_style=\u00a0\u00bbpreset3&Prime; box_shadow_horizontal=\u00a0\u00bb8px\u00a0\u00bb box_shadow_vertical=\u00a0\u00bb8px\u00a0\u00bb box_shadow_blur=\u00a0\u00bb34px\u00a0\u00bb box_shadow_spread=\u00a0\u00bb-12px\u00a0\u00bb box_shadow_color=\u00a0\u00bbrgba(0,0,0,0.13)\u00a0\u00bb global_colors_info=\u00a0\u00bb{}\u00a0\u00bb][\/et_pb_image][\/et_pb_column][\/et_pb_row][\/et_pb_section][et_pb_section fb_built=\u00a0\u00bb1&Prime; module_id=\u00a0\u00bbnext\u00a0\u00bb module_class=\u00a0\u00bbblog\u00a0\u00bb _builder_version=\u00a0\u00bb4.27.0&Prime; _module_preset=\u00a0\u00bbdefault\u00a0\u00bb global_colors_info=\u00a0\u00bb{}\u00a0\u00bb][et_pb_row _builder_version=\u00a0\u00bb4.26.1&Prime; _module_preset=\u00a0\u00bbdefault\u00a0\u00bb global_colors_info=\u00a0\u00bb{}\u00a0\u00bb][et_pb_column type=\u00a0\u00bb4_4&Prime; _builder_version=\u00a0\u00bb4.26.1&Prime; _module_preset=\u00a0\u00bbdefault\u00a0\u00bb global_colors_info=\u00a0\u00bb{}\u00a0\u00bb][et_pb_blog fullwidth=\u00a0\u00bboff\u00a0\u00bb include_categories=\u00a0\u00bball\u00a0\u00bb use_manual_excerpt=\u00a0\u00bboff\u00a0\u00bb show_more=\u00a0\u00bbon\u00a0\u00bb show_author=\u00a0\u00bboff\u00a0\u00bb show_date=\u00a0\u00bboff\u00a0\u00bb show_categories=\u00a0\u00bboff\u00a0\u00bb show_excerpt=\u00a0\u00bboff\u00a0\u00bb _builder_version=\u00a0\u00bb4.27.0&Prime; _module_preset=\u00a0\u00bbdefault\u00a0\u00bb header_font_size=\u00a0\u00bb18px\u00a0\u00bb header_line_height=\u00a0\u00bb1.3em\u00a0\u00bb border_radii=\u00a0\u00bbon|20px|20px|20px|20px\u00a0\u00bb border_width_all=\u00a0\u00bb0px\u00a0\u00bb box_shadow_style=\u00a0\u00bbpreset3&Prime; box_shadow_horizontal=\u00a0\u00bb8px\u00a0\u00bb box_shadow_vertical=\u00a0\u00bb8px\u00a0\u00bb box_shadow_blur=\u00a0\u00bb34px\u00a0\u00bb box_shadow_spread=\u00a0\u00bb-12px\u00a0\u00bb box_shadow_color=\u00a0\u00bbrgba(0,0,0,0.13)\u00a0\u00bb global_colors_info=\u00a0\u00bb{}\u00a0\u00bb][\/et_pb_blog][\/et_pb_column][\/et_pb_row][\/et_pb_section]<\/p>\n","protected":false},"excerpt":{"rendered":"<p>Blog du groupe IncotelChez Incotel, nous sommes passionn\u00e9s par la transformation de la fa\u00e7on dont le monde communique, et notre blog est l\u00e0 pour vous informer et vous inspirer.<\/p>\n","protected":false},"author":4,"featured_media":0,"parent":0,"menu_order":0,"comment_status":"closed","ping_status":"closed","template":"","meta":{"_et_pb_use_builder":"on","_et_pb_old_content":"","_et_gb_content_width":"","footnotes":""},"class_list":["post-3856","page","type-page","status-publish","hentry"],"yoast_head":"<!-- This site is optimized with the Yoast SEO plugin v27.4 - https:\/\/yoast.com\/product\/yoast-seo-wordpress\/ -->\n<title>Blog | T\u00e9l\u00e9com &amp; Solutions d\u2019Entreprise | Groupe Incotel<\/title>\n<meta name=\"description\" content=\"Consultez le blog du Groupe Incotel pour des articles sur les t\u00e9l\u00e9coms, la technologie et des solutions pour entreprises au Canada.\" \/>\n<meta name=\"robots\" content=\"index, follow, max-snippet:-1, max-image-preview:large, max-video-preview:-1\" \/>\n<link rel=\"canonical\" href=\"https:\/\/incotelgroup.com\/fr\/blog\/\" \/>\n<meta property=\"og:locale\" content=\"fr_FR\" \/>\n<meta property=\"og:type\" content=\"article\" \/>\n<meta property=\"og:title\" content=\"Blog | T\u00e9l\u00e9com &amp; Solutions d\u2019Entreprise | Groupe Incotel\" \/>\n<meta property=\"og:description\" content=\"Consultez le blog du Groupe Incotel pour des articles sur les t\u00e9l\u00e9coms, la technologie et des solutions pour entreprises au Canada.\" \/>\n<meta property=\"og:url\" content=\"https:\/\/incotelgroup.com\/fr\/blog\/\" \/>\n<meta property=\"og:site_name\" content=\"Incotel Group\" \/>\n<meta property=\"article:modified_time\" content=\"2024-12-04T17:27:35+00:00\" \/>\n<meta name=\"twitter:card\" content=\"summary_large_image\" \/>\n<meta name=\"twitter:label1\" content=\"Dur\u00e9e de lecture estim\u00e9e\" \/>\n\t<meta name=\"twitter:data1\" content=\"5 minutes\" \/>\n<script type=\"application\/ld+json\" class=\"yoast-schema-graph\">{\"@context\":\"https:\\\/\\\/schema.org\",\"@graph\":[{\"@type\":\"WebPage\",\"@id\":\"https:\\\/\\\/incotelgroup.com\\\/fr\\\/blog\\\/\",\"url\":\"https:\\\/\\\/incotelgroup.com\\\/fr\\\/blog\\\/\",\"name\":\"Blog | T\u00e9l\u00e9com & Solutions d\u2019Entreprise | Groupe Incotel\",\"isPartOf\":{\"@id\":\"https:\\\/\\\/incotelgroup.com\\\/#website\"},\"datePublished\":\"2024-07-23T11:49:24+00:00\",\"dateModified\":\"2024-12-04T17:27:35+00:00\",\"description\":\"Consultez le blog du Groupe Incotel pour des articles sur les t\u00e9l\u00e9coms, la technologie et des solutions pour entreprises au Canada.\",\"breadcrumb\":{\"@id\":\"https:\\\/\\\/incotelgroup.com\\\/fr\\\/blog\\\/#breadcrumb\"},\"inLanguage\":\"fr-FR\",\"potentialAction\":[{\"@type\":\"ReadAction\",\"target\":[\"https:\\\/\\\/incotelgroup.com\\\/fr\\\/blog\\\/\"]}]},{\"@type\":\"BreadcrumbList\",\"@id\":\"https:\\\/\\\/incotelgroup.com\\\/fr\\\/blog\\\/#breadcrumb\",\"itemListElement\":[{\"@type\":\"ListItem\",\"position\":1,\"name\":\"Home\",\"item\":\"https:\\\/\\\/incotelgroup.com\\\/fr\\\/\"},{\"@type\":\"ListItem\",\"position\":2,\"name\":\"Blog\"}]},{\"@type\":\"WebSite\",\"@id\":\"https:\\\/\\\/incotelgroup.com\\\/#website\",\"url\":\"https:\\\/\\\/incotelgroup.com\\\/\",\"name\":\"Incotel Group\",\"description\":\"We Always Answer The Call\",\"publisher\":{\"@id\":\"https:\\\/\\\/incotelgroup.com\\\/#organization\"},\"potentialAction\":[{\"@type\":\"SearchAction\",\"target\":{\"@type\":\"EntryPoint\",\"urlTemplate\":\"https:\\\/\\\/incotelgroup.com\\\/?s={search_term_string}\"},\"query-input\":{\"@type\":\"PropertyValueSpecification\",\"valueRequired\":true,\"valueName\":\"search_term_string\"}}],\"inLanguage\":\"fr-FR\"},{\"@type\":\"Organization\",\"@id\":\"https:\\\/\\\/incotelgroup.com\\\/#organization\",\"name\":\"Incotel Group\",\"url\":\"https:\\\/\\\/incotelgroup.com\\\/\",\"logo\":{\"@type\":\"ImageObject\",\"inLanguage\":\"fr-FR\",\"@id\":\"https:\\\/\\\/incotelgroup.com\\\/#\\\/schema\\\/logo\\\/image\\\/\",\"url\":\"https:\\\/\\\/incotelgroup.com\\\/wp-content\\\/uploads\\\/2024\\\/08\\\/Untitled-design-High-Quality-31.jpg\",\"contentUrl\":\"https:\\\/\\\/incotelgroup.com\\\/wp-content\\\/uploads\\\/2024\\\/08\\\/Untitled-design-High-Quality-31.jpg\",\"width\":500,\"height\":250,\"caption\":\"Incotel Group\"},\"image\":{\"@id\":\"https:\\\/\\\/incotelgroup.com\\\/#\\\/schema\\\/logo\\\/image\\\/\"},\"sameAs\":[\"https:\\\/\\\/www.linkedin.com\\\/company\\\/incotel-gh-solutions-ip\\\/?originalSubdomain=ca\"]}]}<\/script>\n<!-- \/ Yoast SEO plugin. -->","yoast_head_json":{"title":"Blog | T\u00e9l\u00e9com & Solutions d\u2019Entreprise | Groupe Incotel","description":"Consultez le blog du Groupe Incotel pour des articles sur les t\u00e9l\u00e9coms, la technologie et des solutions pour entreprises au Canada.","robots":{"index":"index","follow":"follow","max-snippet":"max-snippet:-1","max-image-preview":"max-image-preview:large","max-video-preview":"max-video-preview:-1"},"canonical":"https:\/\/incotelgroup.com\/fr\/blog\/","og_locale":"fr_FR","og_type":"article","og_title":"Blog | T\u00e9l\u00e9com & Solutions d\u2019Entreprise | Groupe Incotel","og_description":"Consultez le blog du Groupe Incotel pour des articles sur les t\u00e9l\u00e9coms, la technologie et des solutions pour entreprises au Canada.","og_url":"https:\/\/incotelgroup.com\/fr\/blog\/","og_site_name":"Incotel Group","article_modified_time":"2024-12-04T17:27:35+00:00","twitter_card":"summary_large_image","twitter_misc":{"Dur\u00e9e de lecture estim\u00e9e":"5 minutes"},"schema":{"@context":"https:\/\/schema.org","@graph":[{"@type":"WebPage","@id":"https:\/\/incotelgroup.com\/fr\/blog\/","url":"https:\/\/incotelgroup.com\/fr\/blog\/","name":"Blog | T\u00e9l\u00e9com & Solutions d\u2019Entreprise | Groupe Incotel","isPartOf":{"@id":"https:\/\/incotelgroup.com\/#website"},"datePublished":"2024-07-23T11:49:24+00:00","dateModified":"2024-12-04T17:27:35+00:00","description":"Consultez le blog du Groupe Incotel pour des articles sur les t\u00e9l\u00e9coms, la technologie et des solutions pour entreprises au Canada.","breadcrumb":{"@id":"https:\/\/incotelgroup.com\/fr\/blog\/#breadcrumb"},"inLanguage":"fr-FR","potentialAction":[{"@type":"ReadAction","target":["https:\/\/incotelgroup.com\/fr\/blog\/"]}]},{"@type":"BreadcrumbList","@id":"https:\/\/incotelgroup.com\/fr\/blog\/#breadcrumb","itemListElement":[{"@type":"ListItem","position":1,"name":"Home","item":"https:\/\/incotelgroup.com\/fr\/"},{"@type":"ListItem","position":2,"name":"Blog"}]},{"@type":"WebSite","@id":"https:\/\/incotelgroup.com\/#website","url":"https:\/\/incotelgroup.com\/","name":"Incotel Group","description":"We Always Answer The Call","publisher":{"@id":"https:\/\/incotelgroup.com\/#organization"},"potentialAction":[{"@type":"SearchAction","target":{"@type":"EntryPoint","urlTemplate":"https:\/\/incotelgroup.com\/?s={search_term_string}"},"query-input":{"@type":"PropertyValueSpecification","valueRequired":true,"valueName":"search_term_string"}}],"inLanguage":"fr-FR"},{"@type":"Organization","@id":"https:\/\/incotelgroup.com\/#organization","name":"Incotel Group","url":"https:\/\/incotelgroup.com\/","logo":{"@type":"ImageObject","inLanguage":"fr-FR","@id":"https:\/\/incotelgroup.com\/#\/schema\/logo\/image\/","url":"https:\/\/incotelgroup.com\/wp-content\/uploads\/2024\/08\/Untitled-design-High-Quality-31.jpg","contentUrl":"https:\/\/incotelgroup.com\/wp-content\/uploads\/2024\/08\/Untitled-design-High-Quality-31.jpg","width":500,"height":250,"caption":"Incotel Group"},"image":{"@id":"https:\/\/incotelgroup.com\/#\/schema\/logo\/image\/"},"sameAs":["https:\/\/www.linkedin.com\/company\/incotel-gh-solutions-ip\/?originalSubdomain=ca"]}]}},"_links":{"self":[{"href":"https:\/\/incotelgroup.com\/fr\/wp-json\/wp\/v2\/pages\/3856","targetHints":{"allow":["GET"]}}],"collection":[{"href":"https:\/\/incotelgroup.com\/fr\/wp-json\/wp\/v2\/pages"}],"about":[{"href":"https:\/\/incotelgroup.com\/fr\/wp-json\/wp\/v2\/types\/page"}],"author":[{"embeddable":true,"href":"https:\/\/incotelgroup.com\/fr\/wp-json\/wp\/v2\/users\/4"}],"replies":[{"embeddable":true,"href":"https:\/\/incotelgroup.com\/fr\/wp-json\/wp\/v2\/comments?post=3856"}],"version-history":[{"count":2,"href":"https:\/\/incotelgroup.com\/fr\/wp-json\/wp\/v2\/pages\/3856\/revisions"}],"predecessor-version":[{"id":5135,"href":"https:\/\/incotelgroup.com\/fr\/wp-json\/wp\/v2\/pages\/3856\/revisions\/5135"}],"wp:attachment":[{"href":"https:\/\/incotelgroup.com\/fr\/wp-json\/wp\/v2\/media?parent=3856"}],"curies":[{"name":"wp","href":"https:\/\/api.w.org\/{rel}","templated":true}]}}