{"id":3936,"date":"2024-07-25T05:44:22","date_gmt":"2024-07-25T05:44:22","guid":{"rendered":"https:\/\/incotelgroup.com\/faq\/"},"modified":"2024-12-04T17:48:22","modified_gmt":"2024-12-04T17:48:22","slug":"faq","status":"publish","type":"page","link":"https:\/\/incotelgroup.com\/fr\/faq\/","title":{"rendered":"FAQ"},"content":{"rendered":"<p>[et_pb_section fb_built=\u00a0\u00bb1&Prime; _builder_version=\u00a0\u00bb4.26.1&Prime; _module_preset=\u00a0\u00bbdefault\u00a0\u00bb background_color=\u00a0\u00bb#f0f0ef\u00a0\u00bb global_colors_info=\u00a0\u00bb{}\u00a0\u00bb][et_pb_row column_structure=\u00a0\u00bb1_2,1_2&Prime; use_custom_gutter=\u00a0\u00bbon\u00a0\u00bb gutter_width=\u00a0\u00bb2&Prime; make_equal=\u00a0\u00bbon\u00a0\u00bb module_class=\u00a0\u00bbreverse\u00a0\u00bb _builder_version=\u00a0\u00bb4.26.1&Prime; _module_preset=\u00a0\u00bbdefault\u00a0\u00bb custom_css_main_element=\u00a0\u00bbalign-items:center;\u00a0\u00bb global_colors_info=\u00a0\u00bb{}\u00a0\u00bb][et_pb_column type=\u00a0\u00bb1_2&Prime; _builder_version=\u00a0\u00bb4.26.1&Prime; _module_preset=\u00a0\u00bbdefault\u00a0\u00bb global_colors_info=\u00a0\u00bb{}\u00a0\u00bb][et_pb_text admin_label=\u00a0\u00bbText\u00a0\u00bb _builder_version=\u00a0\u00bb4.27.0&Prime; header_font=\u00a0\u00bb|800|||||||\u00a0\u00bb header_text_align=\u00a0\u00bbleft\u00a0\u00bb header_font_size=\u00a0\u00bb50px\u00a0\u00bb header_line_height=\u00a0\u00bb1.2em\u00a0\u00bb background_size=\u00a0\u00bbinitial\u00a0\u00bb background_position=\u00a0\u00bbtop_left\u00a0\u00bb background_repeat=\u00a0\u00bbrepeat\u00a0\u00bb custom_margin=\u00a0\u00bb||15px||false|false\u00a0\u00bb header_text_align_tablet=\u00a0\u00bbcenter\u00a0\u00bb header_text_align_phone=\u00a0\u00bbcenter\u00a0\u00bb header_text_align_last_edited=\u00a0\u00bbon|phone\u00a0\u00bb header_font_size_tablet=\u00a0\u00bb48px\u00a0\u00bb header_font_size_phone=\u00a0\u00bb34px\u00a0\u00bb header_font_size_last_edited=\u00a0\u00bbon|phone\u00a0\u00bb global_colors_info=\u00a0\u00bb{}\u00a0\u00bb]<\/p>\n<h1>Questions fr\u00e9quemment pos\u00e9es<\/h1>\n<p>[\/et_pb_text][et_pb_text _builder_version=\u00a0\u00bb4.27.0&Prime; _module_preset=\u00a0\u00bbdefault\u00a0\u00bb text_font_size=\u00a0\u00bb18px\u00a0\u00bb text_line_height=\u00a0\u00bb1.6em\u00a0\u00bb max_width=\u00a0\u00bb980px\u00a0\u00bb module_alignment=\u00a0\u00bbcenter\u00a0\u00bb text_font_size_tablet=\u00a0\u00bb18px\u00a0\u00bb text_font_size_phone=\u00a0\u00bb16px\u00a0\u00bb text_font_size_last_edited=\u00a0\u00bbon|phone\u00a0\u00bb text_orientation_tablet=\u00a0\u00bbcenter\u00a0\u00bb text_orientation_phone=\u00a0\u00bbcenter\u00a0\u00bb text_orientation_last_edited=\u00a0\u00bbon|phone\u00a0\u00bb locked=\u00a0\u00bboff\u00a0\u00bb global_colors_info=\u00a0\u00bb{}\u00a0\u00bb]<\/p>\n<p>Trouvez les r\u00e9ponses aux questions les plus fr\u00e9quentes sur nos services, nos partenaires technologiques et nos options d&rsquo;assistance. D\u00e9couvrez comment le Groupe Incotel peut vous aider \u00e0 r\u00e9pondre \u00e0 vos besoins en mati\u00e8re d&rsquo;informatique et de t\u00e9l\u00e9communications.<\/p>\n<p>[\/et_pb_text][et_pb_button button_url=\u00a0\u00bb#next\u00a0\u00bb button_text=\u00a0\u00bbEn savoir plus\u00a0\u00bb button_alignment_tablet=\u00a0\u00bbcenter\u00a0\u00bb button_alignment_phone=\u00a0\u00bbcenter\u00a0\u00bb button_alignment_last_edited=\u00a0\u00bbon|phone\u00a0\u00bb _builder_version=\u00a0\u00bb4.27.0&Prime; _module_preset=\u00a0\u00bbdefault\u00a0\u00bb custom_button=\u00a0\u00bbon\u00a0\u00bb button_icon=\u00a0\u00bb&#x24;||divi||400&Prime; button_on_hover=\u00a0\u00bboff\u00a0\u00bb custom_padding=\u00a0\u00bb12px|55px|12px|35px|true|false\u00a0\u00bb locked=\u00a0\u00bboff\u00a0\u00bb global_colors_info=\u00a0\u00bb{}\u00a0\u00bb][\/et_pb_button][\/et_pb_column][et_pb_column type=\u00a0\u00bb1_2&Prime; _builder_version=\u00a0\u00bb4.26.1&Prime; _module_preset=\u00a0\u00bbdefault\u00a0\u00bb global_colors_info=\u00a0\u00bb{}\u00a0\u00bb][et_pb_image src=\u00a0\u00bbhttps:\/\/incotelgroup.com\/wp-content\/uploads\/2024\/07\/worker-reading-news-with-tablet_1162-83.jpg\u00a0\u00bb title_text=\u00a0\u00bbworker-reading-news-with-tablet_1162-83&Prime; _builder_version=\u00a0\u00bb4.26.1&Prime; _module_preset=\u00a0\u00bbdefault\u00a0\u00bb border_radii=\u00a0\u00bbon|30px|30px|30px|30px\u00a0\u00bb box_shadow_style=\u00a0\u00bbpreset3&Prime; box_shadow_horizontal=\u00a0\u00bb8px\u00a0\u00bb box_shadow_vertical=\u00a0\u00bb8px\u00a0\u00bb box_shadow_blur=\u00a0\u00bb34px\u00a0\u00bb box_shadow_spread=\u00a0\u00bb-12px\u00a0\u00bb global_colors_info=\u00a0\u00bb{}\u00a0\u00bb][\/et_pb_image][\/et_pb_column][\/et_pb_row][\/et_pb_section][et_pb_section fb_built=\u00a0\u00bb1&Prime; module_id=\u00a0\u00bbnext\u00a0\u00bb _builder_version=\u00a0\u00bb4.26.1&Prime; _module_preset=\u00a0\u00bbdefault\u00a0\u00bb global_colors_info=\u00a0\u00bb{}\u00a0\u00bb][et_pb_row module_class=\u00a0\u00bbcustomer\u00a0\u00bb _builder_version=\u00a0\u00bb4.26.1&Prime; _module_preset=\u00a0\u00bbdefault\u00a0\u00bb global_colors_info=\u00a0\u00bb{}\u00a0\u00bb][et_pb_column type=\u00a0\u00bb4_4&Prime; _builder_version=\u00a0\u00bb4.26.1&Prime; _module_preset=\u00a0\u00bbdefault\u00a0\u00bb global_colors_info=\u00a0\u00bb{}\u00a0\u00bb][et_pb_accordion open_toggle_text_color=\u00a0\u00bb#333333&Prime; closed_toggle_text_color=\u00a0\u00bb#333333&Prime; closed_toggle_background_color=\u00a0\u00bbRGBA(255,255,255,0)\u00a0\u00bb toggle_icon=\u00a0\u00bb&#x4c;||divi||400&Prime; icon_color=\u00a0\u00bbgcid-9c323680-c999-4917-be37-e755512f7bc1&Prime; use_icon_font_size=\u00a0\u00bbon\u00a0\u00bb icon_font_size=\u00a0\u00bb28px\u00a0\u00bb _builder_version=\u00a0\u00bb4.27.0&Prime; _module_preset=\u00a0\u00bbdefault\u00a0\u00bb toggle_font_size=\u00a0\u00bb22px\u00a0\u00bb border_width_all=\u00a0\u00bb0px\u00a0\u00bb global_colors_info=\u00a0\u00bb{%22gcid-9c323680-c999-4917-be37-e755512f7bc1%22:%91%22icon_color%22%93}\u00a0\u00bb][et_pb_accordion_item title=\u00a0\u00bbQuels sont les services offerts par le Groupe Incotel ?\u00a0\u00bb open=\u00a0\u00bbon\u00a0\u00bb _builder_version=\u00a0\u00bb4.27.0&Prime; _module_preset=\u00a0\u00bbdefault\u00a0\u00bb global_colors_info=\u00a0\u00bb{}\u00a0\u00bb]<\/p>\n<p>Le groupe Incotel propose une gamme compl\u00e8te de services de communication, notamment des solutions informatiques, des syst\u00e8mes de t\u00e9l\u00e9communications et de la vid\u00e9osurveillance. Nos offres vont de la consultation initiale et de la conception du syst\u00e8me \u00e0 l&rsquo;installation, au service continu et \u00e0 la maintenance. Nous nous adressons \u00e0 divers secteurs d&rsquo;activit\u00e9, notamment le gouvernement, l&rsquo;\u00e9ducation, la finance, les soins de sant\u00e9, l&rsquo;h\u00f4tellerie et les petites et grandes entreprises.<\/p>\n<p>[\/et_pb_accordion_item][et_pb_accordion_item title=\u00a0\u00bbQuels secteurs d&rsquo;activit\u00e9 desservez-vous ?\u00a0\u00bb _builder_version=\u00a0\u00bb4.27.0&Prime; _module_preset=\u00a0\u00bbdefault\u00a0\u00bb global_colors_info=\u00a0\u00bb{}\u00a0\u00bb open=\u00a0\u00bboff\u00a0\u00bb]<\/p>\n<p>Nous desservons un large \u00e9ventail de secteurs, notamment :<\/p>\n<p>Gouvernement<br \/>\u00c9ducation<br \/>Finance<br \/>Soins de sant\u00e9<br \/>H\u00f4tellerie<br \/>Petites et grandes entreprises<\/p>\n<p>[\/et_pb_accordion_item][et_pb_accordion_item title=\u00a0\u00bbComment garantissez-vous la qualit\u00e9 de vos services ?\u00a0\u00bb _builder_version=\u00a0\u00bb4.27.0&Prime; _module_preset=\u00a0\u00bbdefault\u00a0\u00bb global_colors_info=\u00a0\u00bb{}\u00a0\u00bb open=\u00a0\u00bboff\u00a0\u00bb]<\/p>\n<p>Notre \u00e9quipe de techniciens et d&rsquo;experts certifi\u00e9s poss\u00e8de une vaste exp\u00e9rience et entretient des relations de longue date avec des concessionnaires autoris\u00e9s partout au Canada. Cette expertise, combin\u00e9e \u00e0 nos partenariats avec les principaux fabricants, nous permet d&rsquo;offrir des solutions de haute qualit\u00e9 et un service exceptionnel. Comme nous le disons, \u00ab nous r\u00e9pondons toujours \u00e0 l&rsquo;appel \u00bb.<\/p>\n<p>[\/et_pb_accordion_item][et_pb_accordion_item title=\u00a0\u00bbPouvez-vous m&rsquo;aider \u00e0 mettre \u00e0 niveau ou \u00e0 remplacer mon syst\u00e8me ?\u00a0\u00bb _builder_version=\u00a0\u00bb4.27.0&Prime; _module_preset=\u00a0\u00bbdefault\u00a0\u00bb global_colors_info=\u00a0\u00bb{}\u00a0\u00bb open=\u00a0\u00bboff\u00a0\u00bb]<\/p>\n<p>Oui, nous pouvons vous aider \u00e0 mettre \u00e0 niveau et \u00e0 remplacer vos syst\u00e8mes. Que vous ayez besoin de mettre \u00e0 jour des syst\u00e8mes existants ou de remplacer une technologie obsol\u00e8te, nous vous proposons des solutions qui r\u00e9pondent \u00e0 vos besoins et s&rsquo;inscrivent dans votre budget.<\/p>\n<p>[\/et_pb_accordion_item][et_pb_accordion_item title=\u00a0\u00bbPouvez-vous entretenir les anciens syst\u00e8mes des fournisseurs qui n&rsquo;offrent plus leurs services ?\u00a0\u00bb _builder_version=\u00a0\u00bb4.27.0&Prime; _module_preset=\u00a0\u00bbdefault\u00a0\u00bb global_colors_info=\u00a0\u00bb{}\u00a0\u00bb open=\u00a0\u00bboff\u00a0\u00bb]<\/p>\n<p>Oui, nos techniciens poss\u00e8dent l&rsquo;expertise sp\u00e9cialis\u00e9e n\u00e9cessaire pour travailler avec une large gamme d&rsquo;anciens syst\u00e8mes t\u00e9l\u00e9phoniques. Qu&rsquo;il s&rsquo;agisse de maintenance de routine, de d\u00e9pannage ou de mise \u00e0 niveau du syst\u00e8me, nous sommes l\u00e0 pour veiller \u00e0 ce que votre ancien syst\u00e8me t\u00e9l\u00e9phonique continue \u00e0 fonctionner de mani\u00e8re optimale.<\/p>\n<p>[\/et_pb_accordion_item][et_pb_accordion_item title=\u00a0\u00bbComment puis-je obtenir un devis pour vos services ?\u00a0\u00bb _builder_version=\u00a0\u00bb4.27.0&Prime; _module_preset=\u00a0\u00bbdefault\u00a0\u00bb global_colors_info=\u00a0\u00bb{}\u00a0\u00bb open=\u00a0\u00bboff\u00a0\u00bb]<\/p>\n<p>Pour obtenir un devis, veuillez communiquer avec nous au moyen de notre formulaire de contact ou nous appeler directement au <a href=\"tel:18445148647\">1-844-514-8647<\/a>. Nous prendrons rendez-vous pour discuter de vos besoins et vous fournir un devis d\u00e9taill\u00e9.<\/p>\n<p>[\/et_pb_accordion_item][et_pb_accordion_item title=\u00a0\u00bbVos techniciens sont-ils certifi\u00e9s ?\u00a0\u00bb _builder_version=\u00a0\u00bb4.27.0&Prime; _module_preset=\u00a0\u00bbdefault\u00a0\u00bb global_colors_info=\u00a0\u00bb{}\u00a0\u00bb open=\u00a0\u00bboff\u00a0\u00bb]<\/p>\n<p>Oui, tous nos techniciens sont certifi\u00e9s et ont suivi une formation rigoureuse pour s&rsquo;assurer qu&rsquo;ils sont \u00e9quip\u00e9s pour g\u00e9rer les derni\u00e8res technologies et les normes de l&rsquo;industrie. Nous sommes fiers d&rsquo;avoir les techniciens les plus exp\u00e9riment\u00e9s et les plus comp\u00e9tents du secteur.<\/p>\n<p>[\/et_pb_accordion_item][\/et_pb_accordion][\/et_pb_column][\/et_pb_row][\/et_pb_section][et_pb_section fb_built=\u00a0\u00bb1&Prime; _builder_version=\u00a0\u00bb4.26.1&Prime; _module_preset=\u00a0\u00bbdefault\u00a0\u00bb background_color=\u00a0\u00bbgcid-8622bb76-462f-4b9e-a09b-7734ccd99ce4&Prime; border_color_bottom=\u00a0\u00bbrgba(64,29,25,0.17)\u00a0\u00bb global_colors_info=\u00a0\u00bb{%22gcid-8622bb76-462f-4b9e-a09b-7734ccd99ce4%22:%91%22background_color%22%93}\u00a0\u00bb][et_pb_row _builder_version=\u00a0\u00bb4.26.1&Prime; _module_preset=\u00a0\u00bbdefault\u00a0\u00bb custom_padding=\u00a0\u00bb||0px||false|false\u00a0\u00bb locked=\u00a0\u00bboff\u00a0\u00bb global_colors_info=\u00a0\u00bb{}\u00a0\u00bb][et_pb_column type=\u00a0\u00bb4_4&Prime; _builder_version=\u00a0\u00bb4.26.1&Prime; _module_preset=\u00a0\u00bbdefault\u00a0\u00bb global_colors_info=\u00a0\u00bb{}\u00a0\u00bb][et_pb_text _builder_version=\u00a0\u00bb4.27.0&Prime; _module_preset=\u00a0\u00bbdefault\u00a0\u00bb text_font=\u00a0\u00bbCaveat||||||||\u00a0\u00bb text_text_color=\u00a0\u00bbgcid-primary-color\u00a0\u00bb text_font_size=\u00a0\u00bb34px\u00a0\u00bb text_orientation=\u00a0\u00bbcenter\u00a0\u00bb custom_margin=\u00a0\u00bb||24px||false|false\u00a0\u00bb global_colors_info=\u00a0\u00bb{%22gcid-primary-color%22:%91%22text_text_color%22%93}\u00a0\u00bb]<\/p>\n<p>Nous sommes l\u00e0 pour vous aider<\/p>\n<p>[\/et_pb_text][et_pb_text _builder_version=\u00a0\u00bb4.27.0&Prime; _module_preset=\u00a0\u00bbdefault\u00a0\u00bb header_2_text_align=\u00a0\u00bbcenter\u00a0\u00bb header_2_font_size=\u00a0\u00bb44px\u00a0\u00bb header_2_line_height=\u00a0\u00bb1.3em\u00a0\u00bb max_width=\u00a0\u00bb1080px\u00a0\u00bb module_alignment=\u00a0\u00bbcenter\u00a0\u00bb custom_margin=\u00a0\u00bb||15px||false|false\u00a0\u00bb header_2_font_size_tablet=\u00a0\u00bb44px\u00a0\u00bb header_2_font_size_phone=\u00a0\u00bb30px\u00a0\u00bb header_2_font_size_last_edited=\u00a0\u00bbon|phone\u00a0\u00bb header_2_text_shadow_style=\u00a0\u00bbpreset3&Prime; header_2_text_shadow_color=\u00a0\u00bbrgba(0,0,0,0.14)\u00a0\u00bb global_colors_info=\u00a0\u00bb{}\u00a0\u00bb]<\/p>\n<h2>En savoir plus sur nos services de t\u00e9l\u00e9communications de premier ordre<\/h2>\n<p>[\/et_pb_text][\/et_pb_column][\/et_pb_row][et_pb_row column_structure=\u00a0\u00bb1_2,1_2&Prime; use_custom_gutter=\u00a0\u00bbon\u00a0\u00bb gutter_width=\u00a0\u00bb2&Prime; module_class=\u00a0\u00bbinline-flex\u00a0\u00bb _builder_version=\u00a0\u00bb4.26.1&Prime; _module_preset=\u00a0\u00bbdefault\u00a0\u00bb locked=\u00a0\u00bboff\u00a0\u00bb global_colors_info=\u00a0\u00bb{}\u00a0\u00bb][et_pb_column type=\u00a0\u00bb1_2&Prime; _builder_version=\u00a0\u00bb4.26.1&Prime; _module_preset=\u00a0\u00bbdefault\u00a0\u00bb global_colors_info=\u00a0\u00bb{}\u00a0\u00bb][et_pb_button button_url=\u00a0\u00bbtel:1-888-514-8647&Prime; button_text=\u00a0\u00bb1-888-514-8647&Prime; button_alignment=\u00a0\u00bbright\u00a0\u00bb button_alignment_tablet=\u00a0\u00bbright\u00a0\u00bb button_alignment_phone=\u00a0\u00bbcenter\u00a0\u00bb button_alignment_last_edited=\u00a0\u00bbon|phone\u00a0\u00bb _builder_version=\u00a0\u00bb4.27.0&Prime; _module_preset=\u00a0\u00bbdefault\u00a0\u00bb custom_button=\u00a0\u00bbon\u00a0\u00bb button_icon=\u00a0\u00bb&#xf879;||fa||900&Prime; button_icon_placement=\u00a0\u00bbleft\u00a0\u00bb button_on_hover=\u00a0\u00bboff\u00a0\u00bb custom_padding=\u00a0\u00bb12px|35px|12px|55px|true|false\u00a0\u00bb global_colors_info=\u00a0\u00bb{}\u00a0\u00bb][\/et_pb_button][\/et_pb_column][et_pb_column type=\u00a0\u00bb1_2&Prime; _builder_version=\u00a0\u00bb4.26.1&Prime; _module_preset=\u00a0\u00bbdefault\u00a0\u00bb global_colors_info=\u00a0\u00bb{}\u00a0\u00bb][et_pb_button button_url=\u00a0\u00bbhttps:\/\/incotelgroup.com\/fr\/contact\/\u00a0\u00bb button_text=\u00a0\u00bbContactez nous\u00a0\u00bb button_alignment=\u00a0\u00bbleft\u00a0\u00bb button_alignment_tablet=\u00a0\u00bbleft\u00a0\u00bb button_alignment_phone=\u00a0\u00bbcenter\u00a0\u00bb button_alignment_last_edited=\u00a0\u00bbon|phone\u00a0\u00bb _builder_version=\u00a0\u00bb4.27.0&Prime; _module_preset=\u00a0\u00bbdefault\u00a0\u00bb custom_button=\u00a0\u00bbon\u00a0\u00bb button_text_color=\u00a0\u00bbgcid-primary-color\u00a0\u00bb button_bg_color=\u00a0\u00bbRGBA(255,255,255,0)\u00a0\u00bb button_icon=\u00a0\u00bb&#x24;||divi||400&Prime; button_on_hover=\u00a0\u00bboff\u00a0\u00bb custom_padding=\u00a0\u00bb12px|55px|12px|35px|true|false\u00a0\u00bb global_colors_info=\u00a0\u00bb{%22gcid-primary-color%22:%91%22button_text_color%22,%22button_text_color%22,%22button_bg_color__hover%22,%22button_border_color__hover%22%93,%22gcid-9c323680-c999-4917-be37-e755512f7bc1%22:%91%22button_bg_color__hover%22,%22button_border_color__hover%22%93}\u00a0\u00bb button_text_color__hover_enabled=\u00a0\u00bbon|hover\u00a0\u00bb button_text_color__hover=\u00a0\u00bb#ffffff\u00a0\u00bb button_bg_color__hover_enabled=\u00a0\u00bbon|hover\u00a0\u00bb button_bg_color__hover=\u00a0\u00bb#f26666&Prime; button_bg_enable_color__hover=\u00a0\u00bbon\u00a0\u00bb button_border_color__hover_enabled=\u00a0\u00bbon|hover\u00a0\u00bb button_border_color__hover=\u00a0\u00bb#f26666&Prime;][\/et_pb_button][\/et_pb_column][\/et_pb_row][\/et_pb_section]<\/p>\n","protected":false},"excerpt":{"rendered":"<p>Questions fr\u00e9quemment pos\u00e9esTrouvez les r\u00e9ponses aux questions les plus fr\u00e9quentes sur nos services, nos partenaires technologiques et nos options d&rsquo;assistance. D\u00e9couvrez comment le Groupe Incotel peut vous aider \u00e0 r\u00e9pondre \u00e0 vos besoins en mati\u00e8re d&rsquo;informatique et de t\u00e9l\u00e9communications.Le groupe Incotel propose une gamme compl\u00e8te de services de communication, notamment des solutions informatiques, des syst\u00e8mes [&hellip;]<\/p>\n","protected":false},"author":4,"featured_media":0,"parent":0,"menu_order":0,"comment_status":"closed","ping_status":"closed","template":"","meta":{"_et_pb_use_builder":"on","_et_pb_old_content":"","_et_gb_content_width":"","footnotes":""},"class_list":["post-3936","page","type-page","status-publish","hentry"],"yoast_head":"<!-- This site is optimized with the Yoast SEO plugin v27.2 - https:\/\/yoast.com\/product\/yoast-seo-wordpress\/ -->\n<title>FAQ | Groupe Incotel - Questions Fr\u00e9quentes<\/title>\n<meta name=\"description\" content=\"Retrouvez les r\u00e9ponses aux questions fr\u00e9quentes sur nos services et solutions t\u00e9l\u00e9com. D\u00e9couvrez comment le Groupe Incotel peut vous aider.\" \/>\n<meta name=\"robots\" content=\"index, follow, max-snippet:-1, max-image-preview:large, max-video-preview:-1\" \/>\n<link rel=\"canonical\" href=\"https:\/\/incotelgroup.com\/fr\/faq\/\" \/>\n<meta property=\"og:locale\" content=\"fr_FR\" \/>\n<meta property=\"og:type\" content=\"article\" \/>\n<meta property=\"og:title\" content=\"FAQ | Groupe Incotel - Questions Fr\u00e9quentes\" \/>\n<meta property=\"og:description\" content=\"Retrouvez les r\u00e9ponses aux questions fr\u00e9quentes sur nos services et solutions t\u00e9l\u00e9com. D\u00e9couvrez comment le Groupe Incotel peut vous aider.\" \/>\n<meta property=\"og:url\" content=\"https:\/\/incotelgroup.com\/fr\/faq\/\" \/>\n<meta property=\"og:site_name\" content=\"Incotel Group\" \/>\n<meta property=\"article:modified_time\" content=\"2024-12-04T17:48:22+00:00\" \/>\n<meta name=\"twitter:card\" content=\"summary_large_image\" \/>\n<meta name=\"twitter:label1\" content=\"Dur\u00e9e de lecture estim\u00e9e\" \/>\n\t<meta name=\"twitter:data1\" content=\"3 minutes\" \/>\n<script type=\"application\/ld+json\" class=\"yoast-schema-graph\">{\"@context\":\"https:\/\/schema.org\",\"@graph\":[{\"@type\":\"WebPage\",\"@id\":\"https:\/\/incotelgroup.com\/fr\/faq\/\",\"url\":\"https:\/\/incotelgroup.com\/fr\/faq\/\",\"name\":\"FAQ | Groupe Incotel - Questions Fr\u00e9quentes\",\"isPartOf\":{\"@id\":\"https:\/\/incotelgroup.com\/#website\"},\"datePublished\":\"2024-07-25T05:44:22+00:00\",\"dateModified\":\"2024-12-04T17:48:22+00:00\",\"description\":\"Retrouvez les r\u00e9ponses aux questions fr\u00e9quentes sur nos services et solutions t\u00e9l\u00e9com. D\u00e9couvrez comment le Groupe Incotel peut vous aider.\",\"breadcrumb\":{\"@id\":\"https:\/\/incotelgroup.com\/fr\/faq\/#breadcrumb\"},\"inLanguage\":\"fr-FR\",\"potentialAction\":[{\"@type\":\"ReadAction\",\"target\":[\"https:\/\/incotelgroup.com\/fr\/faq\/\"]}]},{\"@type\":\"BreadcrumbList\",\"@id\":\"https:\/\/incotelgroup.com\/fr\/faq\/#breadcrumb\",\"itemListElement\":[{\"@type\":\"ListItem\",\"position\":1,\"name\":\"Home\",\"item\":\"https:\/\/incotelgroup.com\/fr\/\"},{\"@type\":\"ListItem\",\"position\":2,\"name\":\"FAQ\"}]},{\"@type\":\"WebSite\",\"@id\":\"https:\/\/incotelgroup.com\/#website\",\"url\":\"https:\/\/incotelgroup.com\/\",\"name\":\"Incotel Group\",\"description\":\"We Always Answer The Call\",\"publisher\":{\"@id\":\"https:\/\/incotelgroup.com\/#organization\"},\"potentialAction\":[{\"@type\":\"SearchAction\",\"target\":{\"@type\":\"EntryPoint\",\"urlTemplate\":\"https:\/\/incotelgroup.com\/?s={search_term_string}\"},\"query-input\":{\"@type\":\"PropertyValueSpecification\",\"valueRequired\":true,\"valueName\":\"search_term_string\"}}],\"inLanguage\":\"fr-FR\"},{\"@type\":\"Organization\",\"@id\":\"https:\/\/incotelgroup.com\/#organization\",\"name\":\"Incotel Group\",\"url\":\"https:\/\/incotelgroup.com\/\",\"logo\":{\"@type\":\"ImageObject\",\"inLanguage\":\"fr-FR\",\"@id\":\"https:\/\/incotelgroup.com\/#\/schema\/logo\/image\/\",\"url\":\"https:\/\/incotelgroup.com\/wp-content\/uploads\/2024\/08\/Untitled-design-High-Quality-31.jpg\",\"contentUrl\":\"https:\/\/incotelgroup.com\/wp-content\/uploads\/2024\/08\/Untitled-design-High-Quality-31.jpg\",\"width\":500,\"height\":250,\"caption\":\"Incotel Group\"},\"image\":{\"@id\":\"https:\/\/incotelgroup.com\/#\/schema\/logo\/image\/\"},\"sameAs\":[\"https:\/\/www.linkedin.com\/company\/incotel-gh-solutions-ip\/?originalSubdomain=ca\"]}]}<\/script>\n<!-- \/ Yoast SEO plugin. -->","yoast_head_json":{"title":"FAQ | Groupe Incotel - Questions Fr\u00e9quentes","description":"Retrouvez les r\u00e9ponses aux questions fr\u00e9quentes sur nos services et solutions t\u00e9l\u00e9com. D\u00e9couvrez comment le Groupe Incotel peut vous aider.","robots":{"index":"index","follow":"follow","max-snippet":"max-snippet:-1","max-image-preview":"max-image-preview:large","max-video-preview":"max-video-preview:-1"},"canonical":"https:\/\/incotelgroup.com\/fr\/faq\/","og_locale":"fr_FR","og_type":"article","og_title":"FAQ | Groupe Incotel - Questions Fr\u00e9quentes","og_description":"Retrouvez les r\u00e9ponses aux questions fr\u00e9quentes sur nos services et solutions t\u00e9l\u00e9com. D\u00e9couvrez comment le Groupe Incotel peut vous aider.","og_url":"https:\/\/incotelgroup.com\/fr\/faq\/","og_site_name":"Incotel Group","article_modified_time":"2024-12-04T17:48:22+00:00","twitter_card":"summary_large_image","twitter_misc":{"Dur\u00e9e de lecture estim\u00e9e":"3 minutes"},"schema":{"@context":"https:\/\/schema.org","@graph":[{"@type":"WebPage","@id":"https:\/\/incotelgroup.com\/fr\/faq\/","url":"https:\/\/incotelgroup.com\/fr\/faq\/","name":"FAQ | Groupe Incotel - Questions Fr\u00e9quentes","isPartOf":{"@id":"https:\/\/incotelgroup.com\/#website"},"datePublished":"2024-07-25T05:44:22+00:00","dateModified":"2024-12-04T17:48:22+00:00","description":"Retrouvez les r\u00e9ponses aux questions fr\u00e9quentes sur nos services et solutions t\u00e9l\u00e9com. D\u00e9couvrez comment le Groupe Incotel peut vous aider.","breadcrumb":{"@id":"https:\/\/incotelgroup.com\/fr\/faq\/#breadcrumb"},"inLanguage":"fr-FR","potentialAction":[{"@type":"ReadAction","target":["https:\/\/incotelgroup.com\/fr\/faq\/"]}]},{"@type":"BreadcrumbList","@id":"https:\/\/incotelgroup.com\/fr\/faq\/#breadcrumb","itemListElement":[{"@type":"ListItem","position":1,"name":"Home","item":"https:\/\/incotelgroup.com\/fr\/"},{"@type":"ListItem","position":2,"name":"FAQ"}]},{"@type":"WebSite","@id":"https:\/\/incotelgroup.com\/#website","url":"https:\/\/incotelgroup.com\/","name":"Incotel Group","description":"We Always Answer The Call","publisher":{"@id":"https:\/\/incotelgroup.com\/#organization"},"potentialAction":[{"@type":"SearchAction","target":{"@type":"EntryPoint","urlTemplate":"https:\/\/incotelgroup.com\/?s={search_term_string}"},"query-input":{"@type":"PropertyValueSpecification","valueRequired":true,"valueName":"search_term_string"}}],"inLanguage":"fr-FR"},{"@type":"Organization","@id":"https:\/\/incotelgroup.com\/#organization","name":"Incotel Group","url":"https:\/\/incotelgroup.com\/","logo":{"@type":"ImageObject","inLanguage":"fr-FR","@id":"https:\/\/incotelgroup.com\/#\/schema\/logo\/image\/","url":"https:\/\/incotelgroup.com\/wp-content\/uploads\/2024\/08\/Untitled-design-High-Quality-31.jpg","contentUrl":"https:\/\/incotelgroup.com\/wp-content\/uploads\/2024\/08\/Untitled-design-High-Quality-31.jpg","width":500,"height":250,"caption":"Incotel Group"},"image":{"@id":"https:\/\/incotelgroup.com\/#\/schema\/logo\/image\/"},"sameAs":["https:\/\/www.linkedin.com\/company\/incotel-gh-solutions-ip\/?originalSubdomain=ca"]}]}},"_links":{"self":[{"href":"https:\/\/incotelgroup.com\/fr\/wp-json\/wp\/v2\/pages\/3936","targetHints":{"allow":["GET"]}}],"collection":[{"href":"https:\/\/incotelgroup.com\/fr\/wp-json\/wp\/v2\/pages"}],"about":[{"href":"https:\/\/incotelgroup.com\/fr\/wp-json\/wp\/v2\/types\/page"}],"author":[{"embeddable":true,"href":"https:\/\/incotelgroup.com\/fr\/wp-json\/wp\/v2\/users\/4"}],"replies":[{"embeddable":true,"href":"https:\/\/incotelgroup.com\/fr\/wp-json\/wp\/v2\/comments?post=3936"}],"version-history":[{"count":3,"href":"https:\/\/incotelgroup.com\/fr\/wp-json\/wp\/v2\/pages\/3936\/revisions"}],"predecessor-version":[{"id":5142,"href":"https:\/\/incotelgroup.com\/fr\/wp-json\/wp\/v2\/pages\/3936\/revisions\/5142"}],"wp:attachment":[{"href":"https:\/\/incotelgroup.com\/fr\/wp-json\/wp\/v2\/media?parent=3936"}],"curies":[{"name":"wp","href":"https:\/\/api.w.org\/{rel}","templated":true}]}}