{"id":4009,"date":"2024-07-31T11:52:48","date_gmt":"2024-07-31T11:52:48","guid":{"rendered":"https:\/\/incotelgroup.com\/case-studies\/case-study-retail-store-toronto\/"},"modified":"2024-09-23T14:49:55","modified_gmt":"2024-09-23T14:49:55","slug":"magasin-de-detail","status":"publish","type":"page","link":"https:\/\/incotelgroup.com\/fr\/etudes-de-cas\/magasin-de-detail\/","title":{"rendered":"\u00c9tude de cas : Magasin de d\u00e9tail"},"content":{"rendered":"<p>[et_pb_section fb_built=\u00a0\u00bb1&Prime; _builder_version=\u00a0\u00bb4.27.0&Prime; _module_preset=\u00a0\u00bbdefault\u00a0\u00bb global_colors_info=\u00a0\u00bb{}\u00a0\u00bb][et_pb_row column_structure=\u00a0\u00bb1_2,1_2&Prime; _builder_version=\u00a0\u00bb4.27.0&Prime; _module_preset=\u00a0\u00bbdefault\u00a0\u00bb custom_margin=\u00a0\u00bb||-5px||false|false\u00a0\u00bb global_colors_info=\u00a0\u00bb{}\u00a0\u00bb][et_pb_column type=\u00a0\u00bb1_2&Prime; _builder_version=\u00a0\u00bb4.27.0&Prime; _module_preset=\u00a0\u00bbdefault\u00a0\u00bb global_colors_info=\u00a0\u00bb{}\u00a0\u00bb][et_pb_text _builder_version=\u00a0\u00bb4.27.0&Prime; _module_preset=\u00a0\u00bbdefault\u00a0\u00bb text_font=\u00a0\u00bbCaveat||||||||\u00a0\u00bb text_text_color=\u00a0\u00bbgcid-primary-color\u00a0\u00bb text_font_size=\u00a0\u00bb34px\u00a0\u00bb custom_margin=\u00a0\u00bb||24px||false|false\u00a0\u00bb text_orientation_tablet=\u00a0\u00bbcenter\u00a0\u00bb text_orientation_phone=\u00a0\u00bbcenter\u00a0\u00bb text_orientation_last_edited=\u00a0\u00bbon|phone\u00a0\u00bb global_colors_info=\u00a0\u00bb{%22gcid-primary-color%22:%91%22text_text_color%22,%22text_text_color%22,%22text_text_color%22,%22text_text_color%22,%22text_text_color%22%93}\u00a0\u00bb]<\/p>\n<p>\u00c9tude de cas<\/p>\n<p>[\/et_pb_text][et_pb_text _builder_version=\u00a0\u00bb4.27.0&Prime; _module_preset=\u00a0\u00bbdefault\u00a0\u00bb header_font=\u00a0\u00bb|800|||||||\u00a0\u00bb header_text_align=\u00a0\u00bbleft\u00a0\u00bb header_font_size=\u00a0\u00bb50px\u00a0\u00bb header_line_height=\u00a0\u00bb1.2em\u00a0\u00bb background_size=\u00a0\u00bbinitial\u00a0\u00bb background_position=\u00a0\u00bbtop_left\u00a0\u00bb background_repeat=\u00a0\u00bbrepeat\u00a0\u00bb custom_margin=\u00a0\u00bb||15px||false|false\u00a0\u00bb header_text_align_tablet=\u00a0\u00bbcenter\u00a0\u00bb header_text_align_phone=\u00a0\u00bbcenter\u00a0\u00bb header_text_align_last_edited=\u00a0\u00bbon|phone\u00a0\u00bb header_font_size_tablet=\u00a0\u00bb48px\u00a0\u00bb header_font_size_phone=\u00a0\u00bb34px\u00a0\u00bb header_font_size_last_edited=\u00a0\u00bbon|phone\u00a0\u00bb global_colors_info=\u00a0\u00bb{%22gcid-primary-color%22:%91%22text_text_color%22%93}\u00a0\u00bb]<\/p>\n<h1>Magasin de d\u00e9tail<\/h1>\n<p>[\/et_pb_text][et_pb_text _builder_version=\u00a0\u00bb4.27.0&Prime; _module_preset=\u00a0\u00bbdefault\u00a0\u00bb header_3_line_height=\u00a0\u00bb1.7em\u00a0\u00bb global_colors_info=\u00a0\u00bb{}\u00a0\u00bb]<\/p>\n<h3><span style=\"font-weight: 400;\"><strong>Projet <\/strong>: Syst\u00e8me t\u00e9l\u00e9phonique, c\u00e2blage structur\u00e9<br \/><\/span><span style=\"font-weight: 400;\"><strong>Syst\u00e8me install\u00e9<\/strong> : Panasonic<br \/><\/span><span style=\"font-weight: 400;\"><strong>Sites couverts<\/strong> : 40 sites<br \/><\/span><strong>Nombre de t\u00e9l\u00e9phones<\/strong> : 1 200 t\u00e9l\u00e9phones<\/h3>\n<p>[\/et_pb_text][\/et_pb_column][et_pb_column type=\u00a0\u00bb1_2&Prime; _builder_version=\u00a0\u00bb4.27.0&Prime; _module_preset=\u00a0\u00bbdefault\u00a0\u00bb global_colors_info=\u00a0\u00bb{}\u00a0\u00bb][et_pb_image src=\u00a0\u00bbhttps:\/\/incotelgroup.com\/wp-content\/uploads\/2024\/09\/AdobeStock_464187605.jpeg\u00a0\u00bb title_text=\u00a0\u00bbClothing Store Checkout Cashier Counter: Beautiful Young Woman Buys Blouse from Friendly Retail Sales assistant, Receiving Bag with Purchases. Trendy Fashion Shop with of Designer Brands\u00a0\u00bb _builder_version=\u00a0\u00bb4.27.0&Prime; _module_preset=\u00a0\u00bbdefault\u00a0\u00bb hover_enabled=\u00a0\u00bb0&Prime; border_radii=\u00a0\u00bbon|10px|10px|10px|10px\u00a0\u00bb global_colors_info=\u00a0\u00bb{}\u00a0\u00bb sticky_enabled=\u00a0\u00bb0&Prime;][\/et_pb_image][\/et_pb_column][\/et_pb_row][et_pb_row _builder_version=\u00a0\u00bb4.27.0&Prime; _module_preset=\u00a0\u00bbdefault\u00a0\u00bb custom_margin=\u00a0\u00bb-5px||||false|false\u00a0\u00bb global_colors_info=\u00a0\u00bb{}\u00a0\u00bb][et_pb_column type=\u00a0\u00bb4_4&Prime; _builder_version=\u00a0\u00bb4.27.0&Prime; _module_preset=\u00a0\u00bbdefault\u00a0\u00bb global_colors_info=\u00a0\u00bb{}\u00a0\u00bb][et_pb_text _builder_version=\u00a0\u00bb4.27.0&Prime; _module_preset=\u00a0\u00bbdefault\u00a0\u00bb header_line_height=\u00a0\u00bb3em\u00a0\u00bb header_3_line_height=\u00a0\u00bb3em\u00a0\u00bb header_4_font_size=\u00a0\u00bb24px\u00a0\u00bb header_4_line_height=\u00a0\u00bb3em\u00a0\u00bb header_5_line_height=\u00a0\u00bb2em\u00a0\u00bb global_colors_info=\u00a0\u00bb{}\u00a0\u00bb]<\/p>\n<h4><b>Contexte<\/b><\/h4>\n<p>Commerce de d\u00e9tail avec 4-5 sites, s&rsquo;est d\u00e9velopp\u00e9 pour atteindre plus de 40 sites<\/p>\n<ul>\n<li style=\"font-weight: 400;\" aria-level=\"1\"><span data-sheets-root=\"1\">N\u00e9cessit\u00e9 d&rsquo;un syst\u00e8me t\u00e9l\u00e9phonique et d&rsquo;une infrastructure de c\u00e2blage<\/span><\/li>\n<\/ul>\n<h4><strong>Objectifs du projet<\/strong><\/h4>\n<ul>\n<li style=\"font-weight: 400;\" aria-level=\"1\">Le client installait des syst\u00e8mes Nortel remis \u00e0 neuf<\/li>\n<li style=\"font-weight: 400;\" aria-level=\"1\"><strong>Nouveau syst\u00e8me t\u00e9l\u00e9phonique Panasonic avec des t\u00e9l\u00e9phones par d\u00e9partements et sans fil<\/strong><\/li>\n<li style=\"font-weight: 400;\" aria-level=\"1\"><strong>Am\u00e9lioration de l&rsquo;efficacit\u00e9<\/strong> : Optimiser la gestion des appels<\/li>\n<\/ul>\n<h4><b>Solution<\/b><\/h4>\n<ul>\n<li style=\"font-weight: 400;\" aria-level=\"1\"><b>Panasonic<\/b><span style=\"font-weight: 400;\">: Choisi pour sa fiabilit\u00e9, sa flexibilit\u00e9 et ses portables sans fil<\/span><\/li>\n<li style=\"font-weight: 400;\" aria-level=\"1\"><strong>C\u00e2bles voix Cat5e, donn\u00e9es et cam\u00e9ras : environ 200 + par site<\/strong><\/li>\n<\/ul>\n<h4><strong>Mise en \u0153uvre<\/strong><\/h4>\n<p>La mise en \u0153uvre du syst\u00e8me Panasonic a suivi plusieurs \u00e9tapes cl\u00e9s :<\/p>\n<ul>\n<li style=\"font-weight: 400;\" aria-level=\"1\"><span data-sheets-root=\"1\"><strong>Audit des syst\u00e8mes existants<\/strong> : Un audit approfondi des syst\u00e8mes existants a \u00e9t\u00e9 r\u00e9alis\u00e9 afin de comprendre les besoins sp\u00e9cifiques de chaque \u00e9tablissement.<\/span><\/li>\n<li style=\"font-weight: 400;\" aria-level=\"1\"><strong>Planification et conception<\/strong> : Une phase de planification d\u00e9taill\u00e9e a permis de concevoir une solution personnalis\u00e9e, int\u00e9grant les meilleures pratiques en mati\u00e8re de t\u00e9l\u00e9communications.<\/li>\n<li style=\"font-weight: 400;\" aria-level=\"1\"><span data-sheets-root=\"1\"><strong>Installation et configuration<\/strong> : L&rsquo;\u00e9quipement a \u00e9t\u00e9 install\u00e9 et configur\u00e9 sur chaque site, en veillant particuli\u00e8rement \u00e0 minimiser les interruptions de service.<\/span><\/li>\n<li style=\"font-weight: 400;\" aria-level=\"1\"><strong>Formation<\/strong> : Une formation compl\u00e8te a \u00e9t\u00e9 dispens\u00e9e au personnel technique et aux utilisateurs finaux afin d&rsquo;assurer une adoption sans heurts du nouveau syst\u00e8me.<\/li>\n<li style=\"font-weight: 400;\" aria-level=\"1\"><strong>Assistance continue<\/strong> : Une assistance technique permanente a \u00e9t\u00e9 mise en place pour r\u00e9soudre rapidement tout probl\u00e8me et garantir des performances optimales du syst\u00e8me.<\/li>\n<\/ul>\n<h4><strong>R\u00e9sultats<\/strong><\/h4>\n<ul>\n<li style=\"font-weight: 400;\" aria-level=\"1\">R\u00e9duction des co\u00fbts : R\u00e9duction des co\u00fbts de maintenance, \u00e9limination des anciens syst\u00e8mes Nortel.<\/li>\n<li style=\"font-weight: 400;\" aria-level=\"1\">Satisfaction des utilisateurs : nous avons commenc\u00e9 par le c\u00e2blage et nous installons maintenant aussi leurs syst\u00e8mes t\u00e9l\u00e9phoniques.<\/li>\n<\/ul>\n<h4><strong>Conclusion<\/strong><\/h4>\n<p>Le fait que le client s&rsquo;adresse \u00e0 un seul fournisseur pour l&rsquo;infrastructure de c\u00e2blage et les syst\u00e8mes de communication a permis de mettre en place un processus reproductible. Avec 3 \u00e0 5 nouveaux magasins par an, le client peut compter sur le fait que chaque magasin sera \u00e9quip\u00e9 du c\u00e2blage et des communications souhait\u00e9s \u00e0 temps pour l&rsquo;ouverture du magasin.<\/p>\n<h4><strong>Opinion<\/strong><\/h4>\n<p>La standardisation du syst\u00e8me t\u00e9l\u00e9phonique Panasonic et l&rsquo;utilisation d&rsquo;un seul fournisseur pour l&rsquo;infrastructure de c\u00e2blage offrent au client une solution fiable pour chaque nouveau magasin et un processus fiable et reproductible, ce qui \u00e9limine les surprises pendant la phase de construction jusqu&rsquo;\u00e0 l&rsquo;ouverture du magasin.<\/p>\n<p>[\/et_pb_text][\/et_pb_column][\/et_pb_row][\/et_pb_section][et_pb_section fb_built=\u00a0\u00bb1&Prime; _builder_version=\u00a0\u00bb4.26.1&Prime; _module_preset=\u00a0\u00bbdefault\u00a0\u00bb background_color=\u00a0\u00bbgcid-8622bb76-462f-4b9e-a09b-7734ccd99ce4&Prime; border_color_bottom=\u00a0\u00bbrgba(64,29,25,0.17)\u00a0\u00bb locked=\u00a0\u00bboff\u00a0\u00bb global_colors_info=\u00a0\u00bb{%22gcid-8622bb76-462f-4b9e-a09b-7734ccd99ce4%22:%91%22background_color%22%93}\u00a0\u00bb][et_pb_row _builder_version=\u00a0\u00bb4.26.1&Prime; _module_preset=\u00a0\u00bbdefault\u00a0\u00bb custom_padding=\u00a0\u00bb||0px||false|false\u00a0\u00bb locked=\u00a0\u00bboff\u00a0\u00bb global_colors_info=\u00a0\u00bb{}\u00a0\u00bb][et_pb_column type=\u00a0\u00bb4_4&Prime; _builder_version=\u00a0\u00bb4.26.1&Prime; _module_preset=\u00a0\u00bbdefault\u00a0\u00bb global_colors_info=\u00a0\u00bb{}\u00a0\u00bb][et_pb_text _builder_version=\u00a0\u00bb4.27.0&Prime; _module_preset=\u00a0\u00bbdefault\u00a0\u00bb text_font=\u00a0\u00bbCaveat||||||||\u00a0\u00bb text_text_color=\u00a0\u00bbgcid-primary-color\u00a0\u00bb text_font_size=\u00a0\u00bb34px\u00a0\u00bb text_orientation=\u00a0\u00bbcenter\u00a0\u00bb custom_margin=\u00a0\u00bb||24px||false|false\u00a0\u00bb global_colors_info=\u00a0\u00bb{%22gcid-primary-color%22:%91%22text_text_color%22%93}\u00a0\u00bb]<\/p>\n<p>Nous sommes l\u00e0 pour vous aider<\/p>\n<p>[\/et_pb_text][et_pb_text _builder_version=\u00a0\u00bb4.27.0&Prime; _module_preset=\u00a0\u00bbdefault\u00a0\u00bb header_2_text_align=\u00a0\u00bbcenter\u00a0\u00bb header_2_font_size=\u00a0\u00bb44px\u00a0\u00bb header_2_line_height=\u00a0\u00bb1.3em\u00a0\u00bb max_width=\u00a0\u00bb1080px\u00a0\u00bb module_alignment=\u00a0\u00bbcenter\u00a0\u00bb custom_margin=\u00a0\u00bb||15px||false|false\u00a0\u00bb header_2_font_size_tablet=\u00a0\u00bb44px\u00a0\u00bb header_2_font_size_phone=\u00a0\u00bb30px\u00a0\u00bb header_2_font_size_last_edited=\u00a0\u00bbon|phone\u00a0\u00bb header_2_text_shadow_style=\u00a0\u00bbpreset3&Prime; header_2_text_shadow_color=\u00a0\u00bbrgba(0,0,0,0.14)\u00a0\u00bb global_colors_info=\u00a0\u00bb{}\u00a0\u00bb]<\/p>\n<h2>En savoir plus sur nos services de t\u00e9l\u00e9communications de premier ordre<\/h2>\n<p>[\/et_pb_text][\/et_pb_column][\/et_pb_row][et_pb_row column_structure=\u00a0\u00bb1_2,1_2&Prime; use_custom_gutter=\u00a0\u00bbon\u00a0\u00bb gutter_width=\u00a0\u00bb2&Prime; module_class=\u00a0\u00bbinline-flex\u00a0\u00bb _builder_version=\u00a0\u00bb4.26.1&Prime; _module_preset=\u00a0\u00bbdefault\u00a0\u00bb locked=\u00a0\u00bboff\u00a0\u00bb global_colors_info=\u00a0\u00bb{}\u00a0\u00bb][et_pb_column type=\u00a0\u00bb1_2&Prime; _builder_version=\u00a0\u00bb4.26.1&Prime; _module_preset=\u00a0\u00bbdefault\u00a0\u00bb global_colors_info=\u00a0\u00bb{}\u00a0\u00bb][et_pb_button button_url=\u00a0\u00bbtel:1-888-514-8647&Prime; button_text=\u00a0\u00bb1-888-514-8647&Prime; button_alignment=\u00a0\u00bbright\u00a0\u00bb button_alignment_tablet=\u00a0\u00bbright\u00a0\u00bb button_alignment_phone=\u00a0\u00bbcenter\u00a0\u00bb button_alignment_last_edited=\u00a0\u00bbon|phone\u00a0\u00bb _builder_version=\u00a0\u00bb4.27.0&Prime; _module_preset=\u00a0\u00bbdefault\u00a0\u00bb custom_button=\u00a0\u00bbon\u00a0\u00bb button_icon=\u00a0\u00bb&#xf879;||fa||900&Prime; button_icon_placement=\u00a0\u00bbleft\u00a0\u00bb button_on_hover=\u00a0\u00bboff\u00a0\u00bb custom_padding=\u00a0\u00bb12px|35px|12px|55px|true|false\u00a0\u00bb global_colors_info=\u00a0\u00bb{}\u00a0\u00bb][\/et_pb_button][\/et_pb_column][et_pb_column type=\u00a0\u00bb1_2&Prime; _builder_version=\u00a0\u00bb4.26.1&Prime; _module_preset=\u00a0\u00bbdefault\u00a0\u00bb global_colors_info=\u00a0\u00bb{}\u00a0\u00bb][et_pb_button button_url=\u00a0\u00bbhttps:\/\/incotelgroup.com\/fr\/contact\/\u00a0\u00bb button_text=\u00a0\u00bbContactez nous\u00a0\u00bb button_alignment=\u00a0\u00bbleft\u00a0\u00bb button_alignment_tablet=\u00a0\u00bbleft\u00a0\u00bb button_alignment_phone=\u00a0\u00bbcenter\u00a0\u00bb button_alignment_last_edited=\u00a0\u00bbon|phone\u00a0\u00bb _builder_version=\u00a0\u00bb4.27.0&Prime; _module_preset=\u00a0\u00bbdefault\u00a0\u00bb custom_button=\u00a0\u00bbon\u00a0\u00bb button_text_color=\u00a0\u00bbgcid-primary-color\u00a0\u00bb button_bg_color=\u00a0\u00bbRGBA(255,255,255,0)\u00a0\u00bb button_icon=\u00a0\u00bb&#x24;||divi||400&Prime; button_on_hover=\u00a0\u00bboff\u00a0\u00bb custom_padding=\u00a0\u00bb12px|55px|12px|35px|true|false\u00a0\u00bb global_colors_info=\u00a0\u00bb{%22gcid-primary-color%22:%91%22button_text_color%22,%22button_text_color%22,%22button_bg_color__hover%22,%22button_border_color__hover%22%93,%22gcid-9c323680-c999-4917-be37-e755512f7bc1%22:%91%22button_bg_color__hover%22,%22button_border_color__hover%22%93}\u00a0\u00bb button_text_color__hover_enabled=\u00a0\u00bbon|hover\u00a0\u00bb button_text_color__hover=\u00a0\u00bb#ffffff\u00a0\u00bb button_bg_color__hover_enabled=\u00a0\u00bbon|hover\u00a0\u00bb button_bg_color__hover=\u00a0\u00bb#f26666&Prime; button_bg_enable_color__hover=\u00a0\u00bbon\u00a0\u00bb button_border_color__hover_enabled=\u00a0\u00bbon|hover\u00a0\u00bb button_border_color__hover=\u00a0\u00bb#f26666&Prime;][\/et_pb_button][\/et_pb_column][\/et_pb_row][\/et_pb_section]<\/p>\n","protected":false},"excerpt":{"rendered":"<p>\u00c9tude de casMagasin de d\u00e9tailProjet : Syst\u00e8me t\u00e9l\u00e9phonique, c\u00e2blage structur\u00e9Syst\u00e8me install\u00e9 : PanasonicSites couverts : 40 sitesNombre de t\u00e9l\u00e9phones : 1 200 t\u00e9l\u00e9phonesContexte Commerce de d\u00e9tail avec 4-5 sites, s&rsquo;est d\u00e9velopp\u00e9 pour atteindre plus de 40 sites N\u00e9cessit\u00e9 d&rsquo;un syst\u00e8me t\u00e9l\u00e9phonique et d&rsquo;une infrastructure de c\u00e2blage Objectifs du projet Le client installait des syst\u00e8mes Nortel [&hellip;]<\/p>\n","protected":false},"author":4,"featured_media":0,"parent":4001,"menu_order":0,"comment_status":"closed","ping_status":"closed","template":"","meta":{"_et_pb_use_builder":"on","_et_pb_old_content":"","_et_gb_content_width":"","footnotes":""},"class_list":["post-4009","page","type-page","status-publish","hentry"],"yoast_head":"<!-- This site is optimized with the Yoast SEO plugin v27.2 - https:\/\/yoast.com\/product\/yoast-seo-wordpress\/ -->\n<title>\u00c9tude de cas : Magasin de d\u00e9tail - Incotel Group<\/title>\n<meta name=\"robots\" content=\"index, follow, max-snippet:-1, max-image-preview:large, max-video-preview:-1\" \/>\n<link rel=\"canonical\" href=\"https:\/\/incotelgroup.com\/fr\/etudes-de-cas\/magasin-de-detail\/\" \/>\n<meta property=\"og:locale\" content=\"fr_FR\" \/>\n<meta property=\"og:type\" content=\"article\" \/>\n<meta property=\"og:title\" content=\"\u00c9tude de cas : Magasin de d\u00e9tail - Incotel Group\" \/>\n<meta property=\"og:description\" content=\"\u00c9tude de casMagasin de d\u00e9tailProjet : Syst\u00e8me t\u00e9l\u00e9phonique, c\u00e2blage structur\u00e9Syst\u00e8me install\u00e9 : PanasonicSites couverts : 40 sitesNombre de t\u00e9l\u00e9phones : 1 200 t\u00e9l\u00e9phonesContexte Commerce de d\u00e9tail avec 4-5 sites, s&#039;est d\u00e9velopp\u00e9 pour atteindre plus de 40 sites N\u00e9cessit\u00e9 d&#039;un syst\u00e8me t\u00e9l\u00e9phonique et d&#039;une infrastructure de c\u00e2blage Objectifs du projet Le client installait des syst\u00e8mes Nortel [&hellip;]\" \/>\n<meta property=\"og:url\" content=\"https:\/\/incotelgroup.com\/fr\/etudes-de-cas\/magasin-de-detail\/\" \/>\n<meta property=\"og:site_name\" content=\"Incotel Group\" \/>\n<meta property=\"article:modified_time\" content=\"2024-09-23T14:49:55+00:00\" \/>\n<meta name=\"twitter:card\" content=\"summary_large_image\" \/>\n<meta name=\"twitter:label1\" content=\"Dur\u00e9e de lecture estim\u00e9e\" \/>\n\t<meta name=\"twitter:data1\" content=\"2 minutes\" \/>\n<script type=\"application\/ld+json\" class=\"yoast-schema-graph\">{\"@context\":\"https:\/\/schema.org\",\"@graph\":[{\"@type\":\"WebPage\",\"@id\":\"https:\/\/incotelgroup.com\/fr\/etudes-de-cas\/magasin-de-detail\/\",\"url\":\"https:\/\/incotelgroup.com\/fr\/etudes-de-cas\/magasin-de-detail\/\",\"name\":\"\u00c9tude de cas : Magasin de d\u00e9tail - Incotel Group\",\"isPartOf\":{\"@id\":\"https:\/\/incotelgroup.com\/#website\"},\"datePublished\":\"2024-07-31T11:52:48+00:00\",\"dateModified\":\"2024-09-23T14:49:55+00:00\",\"breadcrumb\":{\"@id\":\"https:\/\/incotelgroup.com\/fr\/etudes-de-cas\/magasin-de-detail\/#breadcrumb\"},\"inLanguage\":\"fr-FR\",\"potentialAction\":[{\"@type\":\"ReadAction\",\"target\":[\"https:\/\/incotelgroup.com\/fr\/etudes-de-cas\/magasin-de-detail\/\"]}]},{\"@type\":\"BreadcrumbList\",\"@id\":\"https:\/\/incotelgroup.com\/fr\/etudes-de-cas\/magasin-de-detail\/#breadcrumb\",\"itemListElement\":[{\"@type\":\"ListItem\",\"position\":1,\"name\":\"Home\",\"item\":\"https:\/\/incotelgroup.com\/fr\/\"},{\"@type\":\"ListItem\",\"position\":2,\"name\":\"\u00c9tudes de cas\",\"item\":\"https:\/\/incotelgroup.com\/fr\/etudes-de-cas\/\"},{\"@type\":\"ListItem\",\"position\":3,\"name\":\"\u00c9tude de cas : Magasin de d\u00e9tail\"}]},{\"@type\":\"WebSite\",\"@id\":\"https:\/\/incotelgroup.com\/#website\",\"url\":\"https:\/\/incotelgroup.com\/\",\"name\":\"Incotel Group\",\"description\":\"We Always Answer The Call\",\"publisher\":{\"@id\":\"https:\/\/incotelgroup.com\/#organization\"},\"potentialAction\":[{\"@type\":\"SearchAction\",\"target\":{\"@type\":\"EntryPoint\",\"urlTemplate\":\"https:\/\/incotelgroup.com\/?s={search_term_string}\"},\"query-input\":{\"@type\":\"PropertyValueSpecification\",\"valueRequired\":true,\"valueName\":\"search_term_string\"}}],\"inLanguage\":\"fr-FR\"},{\"@type\":\"Organization\",\"@id\":\"https:\/\/incotelgroup.com\/#organization\",\"name\":\"Incotel Group\",\"url\":\"https:\/\/incotelgroup.com\/\",\"logo\":{\"@type\":\"ImageObject\",\"inLanguage\":\"fr-FR\",\"@id\":\"https:\/\/incotelgroup.com\/#\/schema\/logo\/image\/\",\"url\":\"https:\/\/incotelgroup.com\/wp-content\/uploads\/2024\/08\/Untitled-design-High-Quality-31.jpg\",\"contentUrl\":\"https:\/\/incotelgroup.com\/wp-content\/uploads\/2024\/08\/Untitled-design-High-Quality-31.jpg\",\"width\":500,\"height\":250,\"caption\":\"Incotel Group\"},\"image\":{\"@id\":\"https:\/\/incotelgroup.com\/#\/schema\/logo\/image\/\"},\"sameAs\":[\"https:\/\/www.linkedin.com\/company\/incotel-gh-solutions-ip\/?originalSubdomain=ca\"]}]}<\/script>\n<!-- \/ Yoast SEO plugin. -->","yoast_head_json":{"title":"\u00c9tude de cas : Magasin de d\u00e9tail - Incotel Group","robots":{"index":"index","follow":"follow","max-snippet":"max-snippet:-1","max-image-preview":"max-image-preview:large","max-video-preview":"max-video-preview:-1"},"canonical":"https:\/\/incotelgroup.com\/fr\/etudes-de-cas\/magasin-de-detail\/","og_locale":"fr_FR","og_type":"article","og_title":"\u00c9tude de cas : Magasin de d\u00e9tail - Incotel Group","og_description":"\u00c9tude de casMagasin de d\u00e9tailProjet : Syst\u00e8me t\u00e9l\u00e9phonique, c\u00e2blage structur\u00e9Syst\u00e8me install\u00e9 : PanasonicSites couverts : 40 sitesNombre de t\u00e9l\u00e9phones : 1 200 t\u00e9l\u00e9phonesContexte Commerce de d\u00e9tail avec 4-5 sites, s'est d\u00e9velopp\u00e9 pour atteindre plus de 40 sites N\u00e9cessit\u00e9 d'un syst\u00e8me t\u00e9l\u00e9phonique et d'une infrastructure de c\u00e2blage Objectifs du projet Le client installait des syst\u00e8mes Nortel [&hellip;]","og_url":"https:\/\/incotelgroup.com\/fr\/etudes-de-cas\/magasin-de-detail\/","og_site_name":"Incotel Group","article_modified_time":"2024-09-23T14:49:55+00:00","twitter_card":"summary_large_image","twitter_misc":{"Dur\u00e9e de lecture estim\u00e9e":"2 minutes"},"schema":{"@context":"https:\/\/schema.org","@graph":[{"@type":"WebPage","@id":"https:\/\/incotelgroup.com\/fr\/etudes-de-cas\/magasin-de-detail\/","url":"https:\/\/incotelgroup.com\/fr\/etudes-de-cas\/magasin-de-detail\/","name":"\u00c9tude de cas : Magasin de d\u00e9tail - Incotel Group","isPartOf":{"@id":"https:\/\/incotelgroup.com\/#website"},"datePublished":"2024-07-31T11:52:48+00:00","dateModified":"2024-09-23T14:49:55+00:00","breadcrumb":{"@id":"https:\/\/incotelgroup.com\/fr\/etudes-de-cas\/magasin-de-detail\/#breadcrumb"},"inLanguage":"fr-FR","potentialAction":[{"@type":"ReadAction","target":["https:\/\/incotelgroup.com\/fr\/etudes-de-cas\/magasin-de-detail\/"]}]},{"@type":"BreadcrumbList","@id":"https:\/\/incotelgroup.com\/fr\/etudes-de-cas\/magasin-de-detail\/#breadcrumb","itemListElement":[{"@type":"ListItem","position":1,"name":"Home","item":"https:\/\/incotelgroup.com\/fr\/"},{"@type":"ListItem","position":2,"name":"\u00c9tudes de cas","item":"https:\/\/incotelgroup.com\/fr\/etudes-de-cas\/"},{"@type":"ListItem","position":3,"name":"\u00c9tude de cas : Magasin de d\u00e9tail"}]},{"@type":"WebSite","@id":"https:\/\/incotelgroup.com\/#website","url":"https:\/\/incotelgroup.com\/","name":"Incotel Group","description":"We Always Answer The Call","publisher":{"@id":"https:\/\/incotelgroup.com\/#organization"},"potentialAction":[{"@type":"SearchAction","target":{"@type":"EntryPoint","urlTemplate":"https:\/\/incotelgroup.com\/?s={search_term_string}"},"query-input":{"@type":"PropertyValueSpecification","valueRequired":true,"valueName":"search_term_string"}}],"inLanguage":"fr-FR"},{"@type":"Organization","@id":"https:\/\/incotelgroup.com\/#organization","name":"Incotel Group","url":"https:\/\/incotelgroup.com\/","logo":{"@type":"ImageObject","inLanguage":"fr-FR","@id":"https:\/\/incotelgroup.com\/#\/schema\/logo\/image\/","url":"https:\/\/incotelgroup.com\/wp-content\/uploads\/2024\/08\/Untitled-design-High-Quality-31.jpg","contentUrl":"https:\/\/incotelgroup.com\/wp-content\/uploads\/2024\/08\/Untitled-design-High-Quality-31.jpg","width":500,"height":250,"caption":"Incotel Group"},"image":{"@id":"https:\/\/incotelgroup.com\/#\/schema\/logo\/image\/"},"sameAs":["https:\/\/www.linkedin.com\/company\/incotel-gh-solutions-ip\/?originalSubdomain=ca"]}]}},"_links":{"self":[{"href":"https:\/\/incotelgroup.com\/fr\/wp-json\/wp\/v2\/pages\/4009","targetHints":{"allow":["GET"]}}],"collection":[{"href":"https:\/\/incotelgroup.com\/fr\/wp-json\/wp\/v2\/pages"}],"about":[{"href":"https:\/\/incotelgroup.com\/fr\/wp-json\/wp\/v2\/types\/page"}],"author":[{"embeddable":true,"href":"https:\/\/incotelgroup.com\/fr\/wp-json\/wp\/v2\/users\/4"}],"replies":[{"embeddable":true,"href":"https:\/\/incotelgroup.com\/fr\/wp-json\/wp\/v2\/comments?post=4009"}],"version-history":[{"count":8,"href":"https:\/\/incotelgroup.com\/fr\/wp-json\/wp\/v2\/pages\/4009\/revisions"}],"predecessor-version":[{"id":4776,"href":"https:\/\/incotelgroup.com\/fr\/wp-json\/wp\/v2\/pages\/4009\/revisions\/4776"}],"up":[{"embeddable":true,"href":"https:\/\/incotelgroup.com\/fr\/wp-json\/wp\/v2\/pages\/4001"}],"wp:attachment":[{"href":"https:\/\/incotelgroup.com\/fr\/wp-json\/wp\/v2\/media?parent=4009"}],"curies":[{"name":"wp","href":"https:\/\/api.w.org\/{rel}","templated":true}]}}